{"id":510,"date":"2023-01-16T19:14:08","date_gmt":"2023-01-16T19:14:08","guid":{"rendered":"https:\/\/www.becoming-mom.com\/sobre-nosotros\/"},"modified":"2023-03-15T20:21:59","modified_gmt":"2023-03-15T20:21:59","slug":"sobre-nosotros","status":"publish","type":"page","link":"https:\/\/www.becoming-mom.com\/es\/sobre-nosotros\/","title":{"rendered":"Sobre nosotros"},"content":{"rendered":"<div class=\"wpb-content-wrapper\"><p>[vc_section el_class=\u00bbabout-page-sec\u00bb][vc_row content_placement=\u00bbmiddle\u00bb][vc_column width=\u00bb1\/2&#8243;][vc_single_image image=\u00bb112&#8243; img_size=\u00bbfull\u00bb][\/vc_column][vc_column width=\u00bb1\/2&#8243;][vc_custom_heading text=\u00bb\u00bfQu\u00e9 es BecomingMom?\u00bb font_container=\u00bbtag:h2|font_size:36px|text_align:left|line_height:1.5&#8243; use_theme_fonts=\u00bbyes\u00bb][vc_column_text]BecomingMom es un ministerio del programa en ChristianWorks que proporciona sesiones de asesoramiento gratuitas por terapeutas licenciados a los padres elegibles. Creemos en el valor de una nueva vida, pero reconocemos que su llegada conlleva muchos retos para los padres y sus familias, como el estr\u00e9s econ\u00f3mico, f\u00edsico, relacional, mental y emocional. Nuestra misi\u00f3n es empoderar tanto a mujeres como a hombres a lo largo de su viaje de paternidad temprana. En un esfuerzo por ayudar a criar familias fuertes con mam\u00e1s y pap\u00e1s resilientes en su n\u00facleo, queremos acompa\u00f1arte mientras empiezas a ser padre y apoyar tu bienestar mental y emocional durante una etapa vulnerable.<br \/>\nAdem\u00e1s, ofrecemos asistencia material limitada a los clientes para ayudar a complementar los gastos del reci\u00e9n nacido y clases trimestrales de eventos para construir nuestra comunidad BecomingMom y mantener a los padres informados sobre temas de paternidad temprana. Si est\u00e1 interesada en nuestros servicios de asesoramiento y est\u00e1 pasando por un embarazo dif\u00edcil o inesperado o es madre de un nuevo peque\u00f1o, nos encantar\u00eda trabajar con usted.<\/p>\n<p>Todos nuestros servicios de asesoramiento son confidenciales, con la opci\u00f3n de servicios presenciales y virtuales. [\/vc_column_text][vc_btn title=\u00bbContacto\u00bb el_class=\u00bbcont-btn\u00bb link=\u00bburl:https%3A%2F%2Fwww.becoming-mom.com%2Fes%2Fcontacto%2F|target:_blank\u00bb][\/vc_column][\/vc_row][\/vc_section][vc_section full_width=\u00bbstretch_row\u00bb el_class=\u00bbservice-sec\u00bb css=\u00bb.vc_custom_1673899340729{background-image: url(https:\/\/www.becoming-mom.com\/wp-content\/uploads\/2023\/01\/Group-14889.png?id=117) !important;}\u00bb][vc_row content_placement=\u00bbmiddle\u00bb el_class=\u00bbserv-row\u00bb css=\u00bb.vc_custom_1673905140807{background-image: url(https:\/\/www.becoming-mom.com\/wp-content\/uploads\/2023\/01\/Mask-Group-28.png?id=115) !important;}\u00bb][vc_column width=\u00bb7\/12&#8243;][vc_single_image image=\u00bb104&#8243; img_size=\u00bbfull\u00bb][\/vc_column][vc_column width=\u00bb5\/12&#8243;][vc_custom_heading text=\u00bbServicios prestados\u00bb use_theme_fonts=\u00bbyes\u00bb css=\u00bb.vc_custom_1675702878818{padding-bottom: 30px !important;}\u00bb][vc_column_text]<\/p>\n<ul>\n<li>Asesoramiento individual en salud mental<\/li>\n<li>Asesoramiento de parejas<\/li>\n<li>Materiales Asistencia a clientes de asesoramiento activo<\/li>\n<li>Clases de educaci\u00f3n para padres o charlas sobre salud mental para padres<br \/>\ntrimestralmente<\/li>\n<li>Derivaci\u00f3n a otros servicios relacionados con el embarazo y la crianza de los hijos<br \/>\nen los condados de Tarrant y Dallas, seg\u00fan sea necesario<\/li>\n<\/ul>\n<p><strong>Tambi\u00e9n se ofrecen servicios de adopci\u00f3n<\/strong><\/p>\n<p>Tanto si eliges ser padre como si eliges colocarte, queremos caminar contigo&#8230;<\/p>\n<p><a href=\"https:\/\/www.adoption-works.org\/es\" target=\"_blank\" rel=\"noopener\"><span style=\"text-decoration: underline;\">Si est\u00e1 embarazada y le interesa la adopci\u00f3n, visite nuestra p\u00e1gina web Adoption Works.<\/span><\/a>[\/vc_column_text][\/vc_column][\/vc_row][\/vc_section][vc_section el_class=\u00bbqualify-sec\u00bb][vc_row][vc_column width=\u00bb1\/4&#8243;][vc_custom_heading text=\u00bb\u00bfTengo derecho?\u00bb use_theme_fonts=\u00bbyes\u00bb][\/vc_column][vc_column width=\u00bb3\/4&#8243;][vc_column_text]Para poder optar a nuestros servicios debe estar embarazada o ser madre o padre biol\u00f3gico de un ni\u00f1o de 3 a\u00f1os (36 meses) o menos. Tambi\u00e9n puede optar a nuestros servicios si es padre adoptivo de un ni\u00f1o tras la finalizaci\u00f3n de la adopci\u00f3n o si es padre o tutor de una menor embarazada.[\/vc_column_text][\/vc_column][\/vc_row][\/vc_section][vc_section el_class=\u00bblocation-sec\u00bb][vc_row][vc_column][vc_custom_heading text=\u00bbUbicaciones\u00bb font_container=\u00bbtag:h2|font_size:44px|text_align:center|color:%23ffffff|line_height:52px\u00bb use_theme_fonts=\u00bbyes\u00bb css=\u00bb.vc_custom_1673899602127{margin-bottom: 0px !important;}\u00bb][vc_column_text]<\/p>\n<p style=\"text-align: center;\">Los servicios se ofrecen en nuestras oficinas de Dallas y Fort Worth.<\/p>\n<p>[\/vc_column_text][\/vc_column][\/vc_row][vc_row el_class=\u00bblocation-row\u00bb][vc_column width=\u00bb1\/2&#8243;][vc_row_inner css=\u00bb.vc_custom_1673899862060{background-color: #f0faff !important;border-radius: 30px !important;}\u00bb][vc_column_inner width=\u00bb1\/2&#8243;][vc_single_image image=\u00bb105&#8243; img_size=\u00bbfull\u00bb][\/vc_column_inner][vc_column_inner width=\u00bb1\/2&#8243;][vc_icon icon_fontawesome=\u00bbfas fa-map-marker-alt\u00bb color=\u00bbcustom\u00bb custom_color=\u00bb#4ba3c3&#8243;][vc_custom_heading text=\u00bbObras cristianas para<br \/>\nNi\u00f1os Dallas\u00bb font_container=\u00bbtag:h4|font_size:24px|text_align:left|line_height:1.5&#8243; use_theme_fonts=\u00bbyes\u00bb][vc_column_text]5440 Harvest Hill Rd., Ste.<br \/>\n140 Dallas, TX 75230[\/vc_column_text][\/vc_column_inner][\/vc_row_inner][\/vc_column][vc_column width=\u00bb1\/2&#8243;][vc_row_inner css=\u00bb.vc_custom_1673899875818{background-color: #fff0f4 !important;border-radius: 30px !important;}\u00bb][vc_column_inner width=\u00bb1\/2&#8243;][vc_single_image image=\u00bb103&#8243; img_size=\u00bbfull\u00bb][\/vc_column_inner][vc_column_inner width=\u00bb1\/2&#8243;][vc_icon icon_fontawesome=\u00bbfas fa-map-marker-alt\u00bb color=\u00bbcustom\u00bb custom_color=\u00bb#e6869f\u00bb][vc_custom_heading text=\u00bbObras cristianas para<br \/>\nNi\u00f1os Fort Worth\u00bb font_container=\u00bbtag:h4|font_size:24px|text_align:left|line_height:1.5&#8243; use_theme_fonts=\u00bbyes\u00bb][vc_column_text]Calle Hemphill, 2214<br \/>\nFort Worth TX,76110[\/vc_column_text][\/vc_column_inner][\/vc_row_inner][\/vc_column][\/vc_row][\/vc_section][vc_section css=\u00bb.vc_custom_1673616302517{margin-top: 120px !important;margin-bottom: 120px !important;}\u00bb el_class=\u00bbsupport-section\u00bb][vc_row el_class=\u00bbsecHealthy\u00bb][vc_column][vc_row_inner content_placement=\u00bbmiddle\u00bb css=\u00bb.vc_custom_1673621121031{background-color: #56a7c5 !important;border-radius: 30px !important;}\u00bb][vc_column_inner width=\u00bb1\/2&#8243; css=\u00bb.vc_custom_1668661720028{padding-left: 80px !important;}\u00bb][vc_custom_heading text=\u00bb\u00bfC\u00f3mo puedes apoyar a BecomingMom?\u00bb font_container=\u00bbtag:h2|text_align:left|color:%23ffffff\u00bb use_theme_fonts=\u00bbyes\u00bb css=\u00bb.vc_custom_1673616221997{margin-bottom: 15px !important;}\u00bb][vc_custom_heading text=\u00bbBecomingMom es un ministerio de ChristianWorks for Children. Que es una organizaci\u00f3n sin \u00e1nimo de lucro 501(c)(3) &#8211; EIN: 75-1246028. Usted puede apoyar nuestro ministerio BecomingMom haciendo una contribuci\u00f3n financiera o haciendo un regalo en especie de pa\u00f1ales y \/ u otros art\u00edculos para beb\u00e9s. Con tu apoyo, podemos continuar el ejemplo de servicio de Jesucristo. As\u00f3ciese con nosotros hoy mismo\u00bb font_container=\u00bbtag:p|text_align:left|color:%23ffffff\u00bb use_theme_fonts=\u00bbyes\u00bb css=\u00bb.vc_custom_1673616229063{margin-bottom: 30px !important;}\u00bb][vc_btn title=\u00bbDonar\u00bb style=\u00bbclassic\u00bb i_icon_fontawesome=\u00bbfas fa-heart\u00bb add_icon=\u00bbtrue\u00bb el_class=\u00bbprimary-btn wht\u00bb link=\u00bburl:https%3A%2F%2Fwww.becoming-mom.com%2Fes%2Fdonar%2F|title:Donar\u00bb][\/vc_column_inner][vc_column_inner width=\u00bb1\/2&#8243; css=\u00bb.vc_custom_1668661946257{padding-top: 0px !important;padding-right: 0px !important;}\u00bb][vc_single_image image=\u00bb67&#8243; img_size=\u00bbfull\u00bb alignment=\u00bbright\u00bb css=\u00bb.vc_custom_1673616277710{margin-bottom: 0px !important;}\u00bb][\/vc_column_inner][\/vc_row_inner][\/vc_column][\/vc_row][\/vc_section][vc_section full_width=\u00bbstretch_row\u00bb css=\u00bb.vc_custom_1673631515535{padding-top: 20px !important;padding-bottom: 30px !important;background-image: url(http:\/\/adoptionworks.agencypartner.com\/wp-content\/uploads\/2022\/11\/news-bg.jpg?id=82) !important;background-position: center !important;background-repeat: no-repeat !important;background-size: cover !important;}\u00bb el_class=\u00bbcontact-section\u00bb][vc_row content_placement=\u00bbmiddle\u00bb][vc_column width=\u00bb1\/3&#8243;][vc_custom_heading text=\u00bbSuscribirse a<br \/>\nNuestro bolet\u00edn\u00bb font_container=\u00bbtag:h3|font_size:44px|text_align:left|color:%23ffffff|line_height:52px\u00bb use_theme_fonts=\u00bbyes\u00bb css=\u00bb.vc_custom_1673631453925{margin-bottom: 0px !important;}\u00bb][\/vc_column][vc_column width=\u00bb2\/3&#8243;]\n<div class=\"wpcf7 no-js\" id=\"wpcf7-f9-o1\" lang=\"en-US\" dir=\"ltr\" data-wpcf7-id=\"9\">\n<div class=\"screen-reader-response\"><p role=\"status\" aria-live=\"polite\" aria-atomic=\"true\"><\/p> <ul><\/ul><\/div>\n<form action=\"\/es\/wp-json\/wp\/v2\/pages\/510#wpcf7-f9-o1\" method=\"post\" class=\"wpcf7-form init\" aria-label=\"Contact form\" novalidate=\"novalidate\" data-status=\"init\">\n<fieldset class=\"hidden-fields-container\"><input type=\"hidden\" name=\"_wpcf7\" value=\"9\" \/><input type=\"hidden\" name=\"_wpcf7_version\" value=\"6.1.5\" \/><input type=\"hidden\" name=\"_wpcf7_locale\" value=\"en_US\" \/><input type=\"hidden\" name=\"_wpcf7_unit_tag\" value=\"wpcf7-f9-o1\" \/><input type=\"hidden\" name=\"_wpcf7_container_post\" value=\"0\" \/><input type=\"hidden\" name=\"_wpcf7_posted_data_hash\" value=\"\" \/><input type=\"hidden\" name=\"_wpcf7_recaptcha_response\" value=\"\" \/>\n<\/fieldset>\n<div class=\"row news-form\">\n\t<div class=\"col-sm-5\">\n\t\t<p><span class=\"wpcf7-form-control-wrap\" data-name=\"YourName\"><input size=\"40\" maxlength=\"400\" class=\"wpcf7-form-control wpcf7-text wpcf7-validates-as-required\" aria-required=\"true\" aria-invalid=\"false\" placeholder=\"Your Name*\" value=\"\" type=\"text\" name=\"YourName\" \/><\/span>\n\t\t<\/p>\n\t<\/div>\n\t<div class=\"col-sm-5\">\n\t\t<p><span class=\"wpcf7-form-control-wrap\" data-name=\"EmailAddress\"><input size=\"40\" maxlength=\"400\" class=\"wpcf7-form-control wpcf7-email wpcf7-validates-as-required wpcf7-text wpcf7-validates-as-email\" aria-required=\"true\" aria-invalid=\"false\" placeholder=\"Email Address*\" value=\"\" type=\"email\" name=\"EmailAddress\" \/><\/span>\n\t\t<\/p>\n\t<\/div>\n\t<div class=\"col-sm-2 pr-0\">\n\t\t<p><input class=\"wpcf7-form-control wpcf7-submit has-spinner\" type=\"submit\" value=\"Subscribe\" \/>\n\t\t<\/p>\n\t<\/div>\n<\/div><div class=\"wpcf7-response-output\" aria-hidden=\"true\"><\/div>\n<\/form>\n<\/div>\n[\/vc_column][\/vc_row][\/vc_section]<\/p>\n<\/div><!-- AddThis Advanced Settings generic via filter on the_content --><!-- AddThis Share Buttons generic via filter on the_content -->","protected":false},"excerpt":{"rendered":"<p>[vc_section el_class=\u00bbabout-page-sec\u00bb][vc_row content_placement=\u00bbmiddle\u00bb][vc_column width=\u00bb1\/2&#8243;][vc_single_image image=\u00bb112&#8243; img_size=\u00bbfull\u00bb][\/vc_column][vc_column width=\u00bb1\/2&#8243;][vc_custom_heading text=\u00bb\u00bfQu\u00e9 es BecomingMom?\u00bb font_container=\u00bbtag:h2|font_size:36px|text_align:left|line_height:1.5&#8243; use_theme_fonts=\u00bbyes\u00bb][vc_column_text]BecomingMom es un ministerio del programa en ChristianWorks que proporciona sesiones de asesoramiento gratuitas por terapeutas licenciados a los padres elegibles. Creemos en el valor de una nueva vida, pero reconocemos que su llegada conlleva muchos retos para los padres y sus familias, como [&hellip;]<\/p>\n<!-- AddThis Advanced Settings generic via filter on the_excerpt --><!-- AddThis Share Buttons generic via filter on the_excerpt -->","protected":false},"author":1,"featured_media":0,"parent":0,"menu_order":0,"comment_status":"closed","ping_status":"closed","template":"fullwidth.php","meta":{"_acf_changed":false,"inline_featured_image":false,"footnotes":""},"class_list":["post-510","page","type-page","status-publish","hentry"],"acf":[],"yoast_head":"<!-- This site is optimized with the Yoast SEO plugin v27.1.1 - https:\/\/yoast.com\/product\/yoast-seo-wordpress\/ -->\n<title>Sobre nosotros - Becoming Mom<\/title>\n<meta name=\"robots\" content=\"index, follow, max-snippet:-1, max-image-preview:large, max-video-preview:-1\" \/>\n<link rel=\"canonical\" href=\"https:\/\/www.becoming-mom.com\/es\/sobre-nosotros\/\" \/>\n<meta property=\"og:locale\" content=\"es_ES\" \/>\n<meta property=\"og:type\" content=\"article\" \/>\n<meta property=\"og:title\" content=\"Sobre nosotros - Becoming Mom\" \/>\n<meta property=\"og:description\" content=\"[vc_section el_class=\u00bbabout-page-sec\u00bb][vc_row content_placement=\u00bbmiddle\u00bb][vc_column width=\u00bb1\/2&#8243;][vc_single_image image=\u00bb112&#8243; img_size=\u00bbfull\u00bb][\/vc_column][vc_column width=\u00bb1\/2&#8243;][vc_custom_heading text=\u00bb\u00bfQu\u00e9 es BecomingMom?\u00bb font_container=\u00bbtag:h2|font_size:36px|text_align:left|line_height:1.5&#8243; use_theme_fonts=\u00bbyes\u00bb][vc_column_text]BecomingMom es un ministerio del programa en ChristianWorks que proporciona sesiones de asesoramiento gratuitas por terapeutas licenciados a los padres elegibles. Creemos en el valor de una nueva vida, pero reconocemos que su llegada conlleva muchos retos para los padres y sus familias, como [&hellip;]\" \/>\n<meta property=\"og:url\" content=\"https:\/\/www.becoming-mom.com\/es\/sobre-nosotros\/\" \/>\n<meta property=\"og:site_name\" content=\"Becoming Mom\" \/>\n<meta property=\"article:modified_time\" content=\"2023-03-15T20:21:59+00:00\" \/>\n<meta name=\"twitter:card\" content=\"summary_large_image\" \/>\n<meta name=\"twitter:label1\" content=\"Tiempo de lectura\" \/>\n\t<meta name=\"twitter:data1\" content=\"6 minutos\" \/>\n<script type=\"application\/ld+json\" class=\"yoast-schema-graph\">{\"@context\":\"https:\/\/schema.org\",\"@graph\":[{\"@type\":\"WebPage\",\"@id\":\"https:\/\/www.becoming-mom.com\/es\/sobre-nosotros\/\",\"url\":\"https:\/\/www.becoming-mom.com\/es\/sobre-nosotros\/\",\"name\":\"Sobre nosotros - Becoming Mom\",\"isPartOf\":{\"@id\":\"https:\/\/www.becoming-mom.com\/#website\"},\"datePublished\":\"2023-01-16T19:14:08+00:00\",\"dateModified\":\"2023-03-15T20:21:59+00:00\",\"breadcrumb\":{\"@id\":\"https:\/\/www.becoming-mom.com\/es\/sobre-nosotros\/#breadcrumb\"},\"inLanguage\":\"es\",\"potentialAction\":[{\"@type\":\"ReadAction\",\"target\":[\"https:\/\/www.becoming-mom.com\/es\/sobre-nosotros\/\"]}]},{\"@type\":\"BreadcrumbList\",\"@id\":\"https:\/\/www.becoming-mom.com\/es\/sobre-nosotros\/#breadcrumb\",\"itemListElement\":[{\"@type\":\"ListItem\",\"position\":1,\"name\":\"Home\",\"item\":\"https:\/\/www.becoming-mom.com\/es\/\"},{\"@type\":\"ListItem\",\"position\":2,\"name\":\"Sobre nosotros\"}]},{\"@type\":\"WebSite\",\"@id\":\"https:\/\/www.becoming-mom.com\/#website\",\"url\":\"https:\/\/www.becoming-mom.com\/\",\"name\":\"Becoming Mom\",\"description\":\"\",\"potentialAction\":[{\"@type\":\"SearchAction\",\"target\":{\"@type\":\"EntryPoint\",\"urlTemplate\":\"https:\/\/www.becoming-mom.com\/?s={search_term_string}\"},\"query-input\":{\"@type\":\"PropertyValueSpecification\",\"valueRequired\":true,\"valueName\":\"search_term_string\"}}],\"inLanguage\":\"es\"}]}<\/script>\n<!-- \/ Yoast SEO plugin. -->","yoast_head_json":{"title":"Sobre nosotros - Becoming Mom","robots":{"index":"index","follow":"follow","max-snippet":"max-snippet:-1","max-image-preview":"max-image-preview:large","max-video-preview":"max-video-preview:-1"},"canonical":"https:\/\/www.becoming-mom.com\/es\/sobre-nosotros\/","og_locale":"es_ES","og_type":"article","og_title":"Sobre nosotros - Becoming Mom","og_description":"[vc_section el_class=\u00bbabout-page-sec\u00bb][vc_row content_placement=\u00bbmiddle\u00bb][vc_column width=\u00bb1\/2&#8243;][vc_single_image image=\u00bb112&#8243; img_size=\u00bbfull\u00bb][\/vc_column][vc_column width=\u00bb1\/2&#8243;][vc_custom_heading text=\u00bb\u00bfQu\u00e9 es BecomingMom?\u00bb font_container=\u00bbtag:h2|font_size:36px|text_align:left|line_height:1.5&#8243; use_theme_fonts=\u00bbyes\u00bb][vc_column_text]BecomingMom es un ministerio del programa en ChristianWorks que proporciona sesiones de asesoramiento gratuitas por terapeutas licenciados a los padres elegibles. Creemos en el valor de una nueva vida, pero reconocemos que su llegada conlleva muchos retos para los padres y sus familias, como [&hellip;]","og_url":"https:\/\/www.becoming-mom.com\/es\/sobre-nosotros\/","og_site_name":"Becoming Mom","article_modified_time":"2023-03-15T20:21:59+00:00","twitter_card":"summary_large_image","twitter_misc":{"Tiempo de lectura":"6 minutos"},"schema":{"@context":"https:\/\/schema.org","@graph":[{"@type":"WebPage","@id":"https:\/\/www.becoming-mom.com\/es\/sobre-nosotros\/","url":"https:\/\/www.becoming-mom.com\/es\/sobre-nosotros\/","name":"Sobre nosotros - Becoming Mom","isPartOf":{"@id":"https:\/\/www.becoming-mom.com\/#website"},"datePublished":"2023-01-16T19:14:08+00:00","dateModified":"2023-03-15T20:21:59+00:00","breadcrumb":{"@id":"https:\/\/www.becoming-mom.com\/es\/sobre-nosotros\/#breadcrumb"},"inLanguage":"es","potentialAction":[{"@type":"ReadAction","target":["https:\/\/www.becoming-mom.com\/es\/sobre-nosotros\/"]}]},{"@type":"BreadcrumbList","@id":"https:\/\/www.becoming-mom.com\/es\/sobre-nosotros\/#breadcrumb","itemListElement":[{"@type":"ListItem","position":1,"name":"Home","item":"https:\/\/www.becoming-mom.com\/es\/"},{"@type":"ListItem","position":2,"name":"Sobre nosotros"}]},{"@type":"WebSite","@id":"https:\/\/www.becoming-mom.com\/#website","url":"https:\/\/www.becoming-mom.com\/","name":"Becoming Mom","description":"","potentialAction":[{"@type":"SearchAction","target":{"@type":"EntryPoint","urlTemplate":"https:\/\/www.becoming-mom.com\/?s={search_term_string}"},"query-input":{"@type":"PropertyValueSpecification","valueRequired":true,"valueName":"search_term_string"}}],"inLanguage":"es"}]}},"_links":{"self":[{"href":"https:\/\/www.becoming-mom.com\/es\/wp-json\/wp\/v2\/pages\/510","targetHints":{"allow":["GET"]}}],"collection":[{"href":"https:\/\/www.becoming-mom.com\/es\/wp-json\/wp\/v2\/pages"}],"about":[{"href":"https:\/\/www.becoming-mom.com\/es\/wp-json\/wp\/v2\/types\/page"}],"author":[{"embeddable":true,"href":"https:\/\/www.becoming-mom.com\/es\/wp-json\/wp\/v2\/users\/1"}],"replies":[{"embeddable":true,"href":"https:\/\/www.becoming-mom.com\/es\/wp-json\/wp\/v2\/comments?post=510"}],"version-history":[{"count":6,"href":"https:\/\/www.becoming-mom.com\/es\/wp-json\/wp\/v2\/pages\/510\/revisions"}],"predecessor-version":[{"id":579,"href":"https:\/\/www.becoming-mom.com\/es\/wp-json\/wp\/v2\/pages\/510\/revisions\/579"}],"wp:attachment":[{"href":"https:\/\/www.becoming-mom.com\/es\/wp-json\/wp\/v2\/media?parent=510"}],"curies":[{"name":"wp","href":"https:\/\/api.w.org\/{rel}","templated":true}]}}