{"id":506,"date":"2023-01-17T01:02:49","date_gmt":"2023-01-17T01:02:49","guid":{"rendered":"https:\/\/www.becoming-mom.com\/esperando\/"},"modified":"2023-03-15T20:14:55","modified_gmt":"2023-03-15T20:14:55","slug":"esperando","status":"publish","type":"page","link":"https:\/\/www.becoming-mom.com\/es\/esperando\/","title":{"rendered":"Esperando"},"content":{"rendered":"<div class=\"wpb-content-wrapper\"><p>[vc_section el_class=\u00bbexpecting-sec\u00bb][vc_row][vc_column width=\u00bb1\/2&#8243;][vc_single_image image=\u00bb149&#8243; img_size=\u00bbfull\u00bb][\/vc_column][vc_column width=\u00bb1\/2&#8243; css=\u00bb.vc_custom_1673918179585{padding-right: 0px !important;padding-left: 35px !important;}\u00bb][vc_custom_heading text=\u00bbFuturos padres\u00bb font_container=\u00bbtag:h2|font_size:36px|text_align:left|line_height:1.2&#8243; use_theme_fonts=\u00bbyes\u00bb][vc_custom_heading text=\u00bbNueva declaraci\u00f3n de objetivos\u00bb font_container=\u00bbtag:div|font_size:18px|text_align:left\u00bb use_theme_fonts=\u00bbyes\u00bb el_class=\u00bbblue-txt\u00bb][vc_custom_heading text=\u00bbEmpoderar a mujeres y hombres en su viaje hacia la paternidad temprana.\u00bb font_container=\u00bbtag:p|font_size:18px|text_align:left|line_height:1.5&#8243; use_theme_fonts=\u00bbyes\u00bb el_class=\u00bbarrow-dv\u00bb][vc_column_text css=\u00bb.vc_custom_1673918249135{margin-bottom: 30px !important;}\u00bb]Durante este tiempo de planificaci\u00f3n para su hijo no nacido, puede haber una mezcla de emociones y cierta incertidumbre. Nuestra prioridad es proporcionarle apoyo, tanto si decide ser padre de su hijo como si opta por la opci\u00f3n de hacer un plan de adopci\u00f3n para su hijo, estamos aqu\u00ed para escucharle. P\u00f3ngase en contacto con nosotros para que podamos reunirnos con usted y averiguar c\u00f3mo podemos ayudarle.<br \/>\nNuestro programa BecomingMom ofrece asesoramiento gratuito a madres y padres de un feto o de un ni\u00f1o de hasta 3 a\u00f1os. Ofrecemos asesoramiento en persona en nuestras oficinas de Dallas y Fort Worth y asesoramiento virtual. Como cliente, tambi\u00e9n puede recibir ayuda material, como pa\u00f1ales y toallitas, despu\u00e9s de una sesi\u00f3n de asesoramiento.<\/p>\n<p>Ofrecemos clases trimestrales sobre diversos temas relacionados con el embarazo y la crianza de los hijos. Nuestro programa Adoption Works ofrece asesoramiento sobre servicios de adopci\u00f3n, un grupo de apoyo a madres biol\u00f3gicas, asistencia 24 horas al d\u00eda, 7 d\u00edas a la semana y cierta ayuda econ\u00f3mica.[\/vc_column_text][vc_btn title=\u00bbContacto\u00bb link=\u00bburl:https%3A%2F%2Fwww.becoming-mom.com%2Fes%2Fcontacto%2F|target:_blank\u00bb el_class=\u00bbprimary-btn\u00bb][\/vc_column][\/vc_row][\/vc_section][vc_section css=\u00bb.vc_custom_1673616302517{margin-top: 120px !important;margin-bottom: 120px !important;}\u00bb el_class=\u00bbsupport-section\u00bb][vc_row el_class=\u00bbsecHealthy\u00bb][vc_column][vc_row_inner content_placement=\u00bbmiddle\u00bb css=\u00bb.vc_custom_1673621121031{background-color: #56a7c5 !important;border-radius: 30px !important;}\u00bb][vc_column_inner width=\u00bb1\/2&#8243; css=\u00bb.vc_custom_1676677158488{padding-top: 0px !important;padding-left: 80px !important;}\u00bb][vc_custom_heading text=\u00bb\u00bfC\u00f3mo puedes apoyar a BecomingMom?\u00bb font_container=\u00bbtag:h2|text_align:left|color:%23ffffff\u00bb use_theme_fonts=\u00bbyes\u00bb css=\u00bb.vc_custom_1673616221997{margin-bottom: 15px !important;}\u00bb][vc_custom_heading text=\u00bbBecomingMom es un ministerio de ChristianWorks for Children. Que es una organizaci\u00f3n sin \u00e1nimo de lucro 501(c)(3) &#8211; EIN: 75-1246028. Usted puede apoyar nuestro ministerio BecomingMom haciendo una contribuci\u00f3n financiera o haciendo un regalo en especie de pa\u00f1ales y \/ u otros art\u00edculos para beb\u00e9s. Con tu apoyo, podemos continuar el ejemplo de servicio de Jesucristo. As\u00f3ciese con nosotros hoy mismo\u00bb font_container=\u00bbtag:p|text_align:left|color:%23ffffff\u00bb use_theme_fonts=\u00bbyes\u00bb css=\u00bb.vc_custom_1673616229063{margin-bottom: 30px !important;}\u00bb][vc_btn title=\u00bbDonar\u00bb style=\u00bbclassic\u00bb i_icon_fontawesome=\u00bbfas fa-heart\u00bb add_icon=\u00bbtrue\u00bb el_class=\u00bbprimary-btn wht\u00bb link=\u00bburl:https%3A%2F%2Fwww.becoming-mom.com%2Fes%2Fdonar%2F|title:Donar\u00bb][\/vc_column_inner][vc_column_inner width=\u00bb1\/2&#8243; css=\u00bb.vc_custom_1668661946257{padding-top: 0px !important;padding-right: 0px !important;}\u00bb][vc_single_image image=\u00bb67&#8243; img_size=\u00bbfull\u00bb alignment=\u00bbright\u00bb css=\u00bb.vc_custom_1673616277710{margin-bottom: 0px !important;}\u00bb][\/vc_column_inner][\/vc_row_inner][\/vc_column][\/vc_row][\/vc_section][vc_section full_width=\u00bbstretch_row\u00bb css=\u00bb.vc_custom_1673631515535{padding-top: 20px !important;padding-bottom: 30px !important;background-image: url(http:\/\/adoptionworks.agencypartner.com\/wp-content\/uploads\/2022\/11\/news-bg.jpg?id=82) !important;background-position: center !important;background-repeat: no-repeat !important;background-size: cover !important;}\u00bb el_class=\u00bbcontact-section\u00bb][vc_row content_placement=\u00bbmiddle\u00bb][vc_column width=\u00bb1\/3&#8243;][vc_custom_heading text=\u00bbSuscribirse a<br \/>\nNuestro bolet\u00edn\u00bb font_container=\u00bbtag:h3|font_size:44px|text_align:left|color:%23ffffff|line_height:52px\u00bb use_theme_fonts=\u00bbyes\u00bb css=\u00bb.vc_custom_1673631453925{margin-bottom: 0px !important;}\u00bb][\/vc_column][vc_column width=\u00bb2\/3&#8243;]\n<div class=\"wpcf7 no-js\" id=\"wpcf7-f9-o1\" lang=\"en-US\" dir=\"ltr\" data-wpcf7-id=\"9\">\n<div class=\"screen-reader-response\"><p role=\"status\" aria-live=\"polite\" aria-atomic=\"true\"><\/p> <ul><\/ul><\/div>\n<form action=\"\/es\/wp-json\/wp\/v2\/pages\/506#wpcf7-f9-o1\" method=\"post\" class=\"wpcf7-form init\" aria-label=\"Contact form\" novalidate=\"novalidate\" data-status=\"init\">\n<fieldset class=\"hidden-fields-container\"><input type=\"hidden\" name=\"_wpcf7\" value=\"9\" \/><input type=\"hidden\" name=\"_wpcf7_version\" value=\"6.1.5\" \/><input type=\"hidden\" name=\"_wpcf7_locale\" value=\"en_US\" \/><input type=\"hidden\" name=\"_wpcf7_unit_tag\" value=\"wpcf7-f9-o1\" \/><input type=\"hidden\" name=\"_wpcf7_container_post\" value=\"0\" \/><input type=\"hidden\" name=\"_wpcf7_posted_data_hash\" value=\"\" \/><input type=\"hidden\" name=\"_wpcf7_recaptcha_response\" value=\"\" \/>\n<\/fieldset>\n<div class=\"row news-form\">\n\t<div class=\"col-sm-5\">\n\t\t<p><span class=\"wpcf7-form-control-wrap\" data-name=\"YourName\"><input size=\"40\" maxlength=\"400\" class=\"wpcf7-form-control wpcf7-text wpcf7-validates-as-required\" aria-required=\"true\" aria-invalid=\"false\" placeholder=\"Your Name*\" value=\"\" type=\"text\" name=\"YourName\" \/><\/span>\n\t\t<\/p>\n\t<\/div>\n\t<div class=\"col-sm-5\">\n\t\t<p><span class=\"wpcf7-form-control-wrap\" data-name=\"EmailAddress\"><input size=\"40\" maxlength=\"400\" class=\"wpcf7-form-control wpcf7-email wpcf7-validates-as-required wpcf7-text wpcf7-validates-as-email\" aria-required=\"true\" aria-invalid=\"false\" placeholder=\"Email Address*\" value=\"\" type=\"email\" name=\"EmailAddress\" \/><\/span>\n\t\t<\/p>\n\t<\/div>\n\t<div class=\"col-sm-2 pr-0\">\n\t\t<p><input class=\"wpcf7-form-control wpcf7-submit has-spinner\" type=\"submit\" value=\"Subscribe\" \/>\n\t\t<\/p>\n\t<\/div>\n<\/div><div class=\"wpcf7-response-output\" aria-hidden=\"true\"><\/div>\n<\/form>\n<\/div>\n[\/vc_column][\/vc_row][\/vc_section]<\/p>\n<\/div><!-- AddThis Advanced Settings generic via filter on the_content --><!-- AddThis Share Buttons generic via filter on the_content -->","protected":false},"excerpt":{"rendered":"<p>[vc_section el_class=\u00bbexpecting-sec\u00bb][vc_row][vc_column width=\u00bb1\/2&#8243;][vc_single_image image=\u00bb149&#8243; img_size=\u00bbfull\u00bb][\/vc_column][vc_column width=\u00bb1\/2&#8243; css=\u00bb.vc_custom_1673918179585{padding-right: 0px !important;padding-left: 35px !important;}\u00bb][vc_custom_heading text=\u00bbFuturos padres\u00bb font_container=\u00bbtag:h2|font_size:36px|text_align:left|line_height:1.2&#8243; use_theme_fonts=\u00bbyes\u00bb][vc_custom_heading text=\u00bbNueva declaraci\u00f3n de objetivos\u00bb font_container=\u00bbtag:div|font_size:18px|text_align:left\u00bb use_theme_fonts=\u00bbyes\u00bb el_class=\u00bbblue-txt\u00bb][vc_custom_heading text=\u00bbEmpoderar a mujeres y hombres en su viaje hacia la paternidad temprana.\u00bb font_container=\u00bbtag:p|font_size:18px|text_align:left|line_height:1.5&#8243; use_theme_fonts=\u00bbyes\u00bb el_class=\u00bbarrow-dv\u00bb][vc_column_text css=\u00bb.vc_custom_1673918249135{margin-bottom: 30px !important;}\u00bb]Durante este tiempo de planificaci\u00f3n para su hijo no nacido, puede haber una mezcla de emociones [&hellip;]<\/p>\n<!-- AddThis Advanced Settings generic via filter on the_excerpt --><!-- AddThis Share Buttons generic via filter on the_excerpt -->","protected":false},"author":1,"featured_media":0,"parent":0,"menu_order":0,"comment_status":"closed","ping_status":"closed","template":"fullwidth.php","meta":{"_acf_changed":false,"inline_featured_image":false,"footnotes":""},"class_list":["post-506","page","type-page","status-publish","hentry"],"acf":[],"yoast_head":"<!-- This site is optimized with the Yoast SEO plugin v27.1.1 - https:\/\/yoast.com\/product\/yoast-seo-wordpress\/ -->\n<title>Esperando - Becoming Mom<\/title>\n<meta name=\"robots\" content=\"index, follow, max-snippet:-1, max-image-preview:large, max-video-preview:-1\" \/>\n<link rel=\"canonical\" href=\"https:\/\/www.becoming-mom.com\/es\/esperando\/\" \/>\n<meta property=\"og:locale\" content=\"es_ES\" \/>\n<meta property=\"og:type\" content=\"article\" \/>\n<meta property=\"og:title\" content=\"Esperando - Becoming Mom\" \/>\n<meta property=\"og:description\" content=\"[vc_section el_class=\u00bbexpecting-sec\u00bb][vc_row][vc_column width=\u00bb1\/2&#8243;][vc_single_image image=\u00bb149&#8243; img_size=\u00bbfull\u00bb][\/vc_column][vc_column width=\u00bb1\/2&#8243; css=\u00bb.vc_custom_1673918179585{padding-right: 0px !important;padding-left: 35px !important;}\u00bb][vc_custom_heading text=\u00bbFuturos padres\u00bb font_container=\u00bbtag:h2|font_size:36px|text_align:left|line_height:1.2&#8243; use_theme_fonts=\u00bbyes\u00bb][vc_custom_heading text=\u00bbNueva declaraci\u00f3n de objetivos\u00bb font_container=\u00bbtag:div|font_size:18px|text_align:left\u00bb use_theme_fonts=\u00bbyes\u00bb el_class=\u00bbblue-txt\u00bb][vc_custom_heading text=\u00bbEmpoderar a mujeres y hombres en su viaje hacia la paternidad temprana.\u00bb font_container=\u00bbtag:p|font_size:18px|text_align:left|line_height:1.5&#8243; use_theme_fonts=\u00bbyes\u00bb el_class=\u00bbarrow-dv\u00bb][vc_column_text css=\u00bb.vc_custom_1673918249135{margin-bottom: 30px !important;}\u00bb]Durante este tiempo de planificaci\u00f3n para su hijo no nacido, puede haber una mezcla de emociones [&hellip;]\" \/>\n<meta property=\"og:url\" content=\"https:\/\/www.becoming-mom.com\/es\/esperando\/\" \/>\n<meta property=\"og:site_name\" content=\"Becoming Mom\" \/>\n<meta property=\"article:modified_time\" content=\"2023-03-15T20:14:55+00:00\" \/>\n<meta name=\"twitter:card\" content=\"summary_large_image\" \/>\n<meta name=\"twitter:label1\" content=\"Tiempo de lectura\" \/>\n\t<meta name=\"twitter:data1\" content=\"3 minutos\" \/>\n<script type=\"application\/ld+json\" class=\"yoast-schema-graph\">{\"@context\":\"https:\/\/schema.org\",\"@graph\":[{\"@type\":\"WebPage\",\"@id\":\"https:\/\/www.becoming-mom.com\/es\/esperando\/\",\"url\":\"https:\/\/www.becoming-mom.com\/es\/esperando\/\",\"name\":\"Esperando - Becoming Mom\",\"isPartOf\":{\"@id\":\"https:\/\/www.becoming-mom.com\/#website\"},\"datePublished\":\"2023-01-17T01:02:49+00:00\",\"dateModified\":\"2023-03-15T20:14:55+00:00\",\"breadcrumb\":{\"@id\":\"https:\/\/www.becoming-mom.com\/es\/esperando\/#breadcrumb\"},\"inLanguage\":\"es\",\"potentialAction\":[{\"@type\":\"ReadAction\",\"target\":[\"https:\/\/www.becoming-mom.com\/es\/esperando\/\"]}]},{\"@type\":\"BreadcrumbList\",\"@id\":\"https:\/\/www.becoming-mom.com\/es\/esperando\/#breadcrumb\",\"itemListElement\":[{\"@type\":\"ListItem\",\"position\":1,\"name\":\"Home\",\"item\":\"https:\/\/www.becoming-mom.com\/es\/\"},{\"@type\":\"ListItem\",\"position\":2,\"name\":\"Esperando\"}]},{\"@type\":\"WebSite\",\"@id\":\"https:\/\/www.becoming-mom.com\/#website\",\"url\":\"https:\/\/www.becoming-mom.com\/\",\"name\":\"Becoming Mom\",\"description\":\"\",\"potentialAction\":[{\"@type\":\"SearchAction\",\"target\":{\"@type\":\"EntryPoint\",\"urlTemplate\":\"https:\/\/www.becoming-mom.com\/?s={search_term_string}\"},\"query-input\":{\"@type\":\"PropertyValueSpecification\",\"valueRequired\":true,\"valueName\":\"search_term_string\"}}],\"inLanguage\":\"es\"}]}<\/script>\n<!-- \/ Yoast SEO plugin. -->","yoast_head_json":{"title":"Esperando - Becoming Mom","robots":{"index":"index","follow":"follow","max-snippet":"max-snippet:-1","max-image-preview":"max-image-preview:large","max-video-preview":"max-video-preview:-1"},"canonical":"https:\/\/www.becoming-mom.com\/es\/esperando\/","og_locale":"es_ES","og_type":"article","og_title":"Esperando - Becoming Mom","og_description":"[vc_section el_class=\u00bbexpecting-sec\u00bb][vc_row][vc_column width=\u00bb1\/2&#8243;][vc_single_image image=\u00bb149&#8243; img_size=\u00bbfull\u00bb][\/vc_column][vc_column width=\u00bb1\/2&#8243; css=\u00bb.vc_custom_1673918179585{padding-right: 0px !important;padding-left: 35px !important;}\u00bb][vc_custom_heading text=\u00bbFuturos padres\u00bb font_container=\u00bbtag:h2|font_size:36px|text_align:left|line_height:1.2&#8243; use_theme_fonts=\u00bbyes\u00bb][vc_custom_heading text=\u00bbNueva declaraci\u00f3n de objetivos\u00bb font_container=\u00bbtag:div|font_size:18px|text_align:left\u00bb use_theme_fonts=\u00bbyes\u00bb el_class=\u00bbblue-txt\u00bb][vc_custom_heading text=\u00bbEmpoderar a mujeres y hombres en su viaje hacia la paternidad temprana.\u00bb font_container=\u00bbtag:p|font_size:18px|text_align:left|line_height:1.5&#8243; use_theme_fonts=\u00bbyes\u00bb el_class=\u00bbarrow-dv\u00bb][vc_column_text css=\u00bb.vc_custom_1673918249135{margin-bottom: 30px !important;}\u00bb]Durante este tiempo de planificaci\u00f3n para su hijo no nacido, puede haber una mezcla de emociones [&hellip;]","og_url":"https:\/\/www.becoming-mom.com\/es\/esperando\/","og_site_name":"Becoming Mom","article_modified_time":"2023-03-15T20:14:55+00:00","twitter_card":"summary_large_image","twitter_misc":{"Tiempo de lectura":"3 minutos"},"schema":{"@context":"https:\/\/schema.org","@graph":[{"@type":"WebPage","@id":"https:\/\/www.becoming-mom.com\/es\/esperando\/","url":"https:\/\/www.becoming-mom.com\/es\/esperando\/","name":"Esperando - Becoming Mom","isPartOf":{"@id":"https:\/\/www.becoming-mom.com\/#website"},"datePublished":"2023-01-17T01:02:49+00:00","dateModified":"2023-03-15T20:14:55+00:00","breadcrumb":{"@id":"https:\/\/www.becoming-mom.com\/es\/esperando\/#breadcrumb"},"inLanguage":"es","potentialAction":[{"@type":"ReadAction","target":["https:\/\/www.becoming-mom.com\/es\/esperando\/"]}]},{"@type":"BreadcrumbList","@id":"https:\/\/www.becoming-mom.com\/es\/esperando\/#breadcrumb","itemListElement":[{"@type":"ListItem","position":1,"name":"Home","item":"https:\/\/www.becoming-mom.com\/es\/"},{"@type":"ListItem","position":2,"name":"Esperando"}]},{"@type":"WebSite","@id":"https:\/\/www.becoming-mom.com\/#website","url":"https:\/\/www.becoming-mom.com\/","name":"Becoming Mom","description":"","potentialAction":[{"@type":"SearchAction","target":{"@type":"EntryPoint","urlTemplate":"https:\/\/www.becoming-mom.com\/?s={search_term_string}"},"query-input":{"@type":"PropertyValueSpecification","valueRequired":true,"valueName":"search_term_string"}}],"inLanguage":"es"}]}},"_links":{"self":[{"href":"https:\/\/www.becoming-mom.com\/es\/wp-json\/wp\/v2\/pages\/506","targetHints":{"allow":["GET"]}}],"collection":[{"href":"https:\/\/www.becoming-mom.com\/es\/wp-json\/wp\/v2\/pages"}],"about":[{"href":"https:\/\/www.becoming-mom.com\/es\/wp-json\/wp\/v2\/types\/page"}],"author":[{"embeddable":true,"href":"https:\/\/www.becoming-mom.com\/es\/wp-json\/wp\/v2\/users\/1"}],"replies":[{"embeddable":true,"href":"https:\/\/www.becoming-mom.com\/es\/wp-json\/wp\/v2\/comments?post=506"}],"version-history":[{"count":5,"href":"https:\/\/www.becoming-mom.com\/es\/wp-json\/wp\/v2\/pages\/506\/revisions"}],"predecessor-version":[{"id":574,"href":"https:\/\/www.becoming-mom.com\/es\/wp-json\/wp\/v2\/pages\/506\/revisions\/574"}],"wp:attachment":[{"href":"https:\/\/www.becoming-mom.com\/es\/wp-json\/wp\/v2\/media?parent=506"}],"curies":[{"name":"wp","href":"https:\/\/api.w.org\/{rel}","templated":true}]}}