{"id":484,"date":"2023-01-10T14:03:30","date_gmt":"2023-01-10T14:03:30","guid":{"rendered":"https:\/\/www.becoming-mom.com\/politica-de-privacidad\/"},"modified":"2023-03-14T16:59:26","modified_gmt":"2023-03-14T16:59:26","slug":"politica-de-privacidad","status":"publish","type":"page","link":"https:\/\/www.becoming-mom.com\/es\/politica-de-privacidad\/","title":{"rendered":"Pol\u00edtica de privacidad"},"content":{"rendered":"<div class=\"wpb-content-wrapper\"><p>[vc_row el_class=\u00bbprivacy-policy-page\u00bb][vc_column][vc_custom_heading text=\u00bbInformaci\u00f3n personal y no personal\u00bb font_container=\u00bbtag:h2|font_size:30px|text_align:left|line_height:1.5&#8243; use_theme_fonts=\u00bbyes\u00bb][vc_column_text]<\/p>\n<p>Lorem Ipsum es simplemente un texto ficticio de la industria de la impresi\u00f3n y la composici\u00f3n tipogr\u00e1fica. Lorem Ipsum ha sido el texto ficticio est\u00e1ndar de la industria desde el a\u00f1o 1500, cuando un impresor desconocido tom\u00f3 una galera de tipos y la revolvi\u00f3 para hacer un libro de muestras de tipos. Ha sobrevivido no s\u00f3lo a cinco siglos, sino tambi\u00e9n al salto a la tipograf\u00eda electr\u00f3nica, permaneciendo esencialmente inalterado. Se populariz\u00f3 en los a\u00f1os sesenta con la aparici\u00f3n de las hojas Letraset, que conten\u00edan pasajes de Lorem Ipsum, y m\u00e1s recientemente con programas de autoedici\u00f3n como Aldus PageMaker, que inclu\u00edan versiones de Lorem Ipsum.<\/p>\n<p>[\/vc_column_text][vc_custom_heading text=\u00bb\u00bfQu\u00e9 es la informaci\u00f3n no personal y c\u00f3mo se recoge y utiliza?\u00bb font_container=\u00bbtag:h2|font_size:30px|text_align:left|line_height:1.5&#8243; use_theme_fonts=\u00bbyes\u00bb][vc_column_text]<\/p>\n<p>La informaci\u00f3n no personal es aquella que no permite identificarle. Si visita este sitio web para leer informaci\u00f3n, como por ejemplo informaci\u00f3n sobre uno de nuestros servicios, podemos recopilar cierta informaci\u00f3n no personal sobre usted a partir del navegador web de su ordenador. Dado que la informaci\u00f3n no personal no puede identificarle ni vincularse a usted de ninguna manera, no existen restricciones sobre las formas en que podemos utilizar o compartir la informaci\u00f3n no personal. \u00bfQu\u00e9 es la informaci\u00f3n personal y c\u00f3mo se recoge? La informaci\u00f3n personal es informaci\u00f3n que le identifica como individuo, como su nombre, direcci\u00f3n postal, direcci\u00f3n de correo electr\u00f3nico, n\u00famero de tel\u00e9fono y n\u00famero de fax. Podemos recabar informaci\u00f3n personal de usted de diversas formas.<\/p>\n<ul>\n<li>Cuando nos env\u00ede una solicitud u otro formulario<\/li>\n<li>Cuando realice una transacci\u00f3n con nosotros, nuestras filiales u otros<\/li>\n<li>Cuando recopilamos informaci\u00f3n sobre usted en apoyo de una transacci\u00f3n, como la informaci\u00f3n de la tarjeta de cr\u00e9dito.<\/li>\n<li>En algunos lugares de este sitio web tiene la oportunidad de enviarnos informaci\u00f3n personal sobre usted, optar por recibir determinadas<\/li>\n<li>Informaci\u00f3n, para comprar acceso a uno de nuestros productos o servicios, o para participar en una actividad.<\/li>\n<\/ul>\n<p>[\/vc_column_text][vc_custom_heading text=\u00bb\u00bfSe utilizan cookies u otras tecnolog\u00edas para recopilar informaci\u00f3n personal?\u00bb font_container=\u00bbtag:h2|font_size:30px|text_align:left|line_height:1.5&#8243; use_theme_fonts=\u00bbyes\u00bb][vc_column_text]<\/p>\n<p>S\u00ed, podemos utilizar cookies y tecnolog\u00edas relacionadas, como balizas web, para recopilar informaci\u00f3n en nuestro sitio web. Una cookie es un archivo de texto que un servidor de p\u00e1ginas web coloca en su disco duro. Las cookies no pueden utilizarse para ejecutar programas o enviar virus a su ordenador. Las cookies se le asignan a usted de forma exclusiva, y s\u00f3lo pueden ser le\u00eddas por un servidor web en el dominio que emiti\u00f3 la cookie para usted. Uno de los principales objetivos de las cookies es proporcionar una funci\u00f3n pr\u00e1ctica que le ahorre tiempo. El prop\u00f3sito de una cookie es indicar al servidor web que usted ha regresado a una p\u00e1gina espec\u00edfica. Por ejemplo, si te registras con nosotros, una cookie ayuda a Consulting.com a recuperar tu informaci\u00f3n espec\u00edfica en visitas posteriores. Esto simplifica el proceso de registro de su informaci\u00f3n personal, como direcciones de facturaci\u00f3n, direcciones de env\u00edo, etc. Cuando vuelva al mismo sitio web Consulting.com, la informaci\u00f3n que proporcion\u00f3 anteriormente puede ser recuperada, por lo que puede utilizar f\u00e1cilmente las caracter\u00edsticas que ha personalizado.<\/p>\n<p>Una baliza web es una peque\u00f1a imagen gr\u00e1fica que permite a la parte que establece la baliza web supervisar y recopilar determinada informaci\u00f3n sobre el visitante de la p\u00e1gina web, el documento basado en web o el mensaje de correo electr\u00f3nico, como el tipo de navegador que solicita la baliza web, la direcci\u00f3n IP del ordenador al que se env\u00eda la baliza web y la hora a la que se visualiz\u00f3 la baliza web. Las balizas web pueden ser muy peque\u00f1as e invisibles para el usuario, pero, en general, cualquier imagen electr\u00f3nica que se vea como parte de una p\u00e1gina web o de un correo electr\u00f3nico, incluido el contenido basado en HTML, puede actuar como baliza web. Podemos utilizar balizas web para contar los visitantes de las p\u00e1ginas web del sitio web o para controlar c\u00f3mo navegan nuestros usuarios por el sitio web, y podemos incluir balizas web en los mensajes de correo electr\u00f3nico para contar cu\u00e1ntos mensajes enviados se han abierto realmente, se ha actuado en consecuencia o se han reenviado.<\/p>\n<p>[\/vc_column_text][vc_custom_heading text=\u00bb\u00bfC\u00f3mo puede un usuario acceder a su informaci\u00f3n personal, modificarla o eliminarla?\u00bb font_container=\u00bbtag:h2|font_size:30px|text_align:left|line_height:1.5&#8243; use_theme_fonts=\u00bbyes\u00bb][vc_column_text]<\/p>\n<p>Usted puede acceder, corregir, actualizar y\/o eliminar cualquier informaci\u00f3n personal identificable que env\u00ede al sitio web. Tambi\u00e9n puede darse de baja de las listas de correo o de cualquier registro en el sitio web. Para ello, siga las instrucciones de la p\u00e1gina del sitio web en la que haya facilitado dicha informaci\u00f3n o se haya suscrito o registrado, o p\u00f3ngase en contacto con nosotros en la direcci\u00f3n siguiente [hello@Adoptionworks .com]<\/p>\n<p>[\/vc_column_text][\/vc_column][\/vc_row]<\/p>\n<\/div><!-- AddThis Advanced Settings generic via filter on the_content --><!-- AddThis Share Buttons generic via filter on the_content -->","protected":false},"excerpt":{"rendered":"<p>[vc_row el_class=\u00bbprivacy-policy-page\u00bb][vc_column][vc_custom_heading text=\u00bbInformaci\u00f3n personal y no personal\u00bb font_container=\u00bbtag:h2|font_size:30px|text_align:left|line_height:1.5&#8243; use_theme_fonts=\u00bbyes\u00bb][vc_column_text] Lorem Ipsum es simplemente un texto ficticio de la industria de la impresi\u00f3n y la composici\u00f3n tipogr\u00e1fica. Lorem Ipsum ha sido el texto ficticio est\u00e1ndar de la industria desde el a\u00f1o 1500, cuando un impresor desconocido tom\u00f3 una galera de tipos y la revolvi\u00f3 para hacer [&hellip;]<\/p>\n<!-- AddThis Advanced Settings generic via filter on the_excerpt --><!-- AddThis Share Buttons generic via filter on the_excerpt -->","protected":false},"author":1,"featured_media":0,"parent":0,"menu_order":0,"comment_status":"closed","ping_status":"open","template":"fullwidth.php","meta":{"_acf_changed":false,"inline_featured_image":false,"footnotes":""},"class_list":["post-484","page","type-page","status-publish","hentry"],"acf":[],"yoast_head":"<!-- This site is optimized with the Yoast SEO plugin v27.1.1 - https:\/\/yoast.com\/product\/yoast-seo-wordpress\/ -->\n<title>Pol\u00edtica de privacidad - Becoming Mom<\/title>\n<meta name=\"robots\" content=\"index, follow, max-snippet:-1, max-image-preview:large, max-video-preview:-1\" \/>\n<link rel=\"canonical\" href=\"https:\/\/www.becoming-mom.com\/es\/politica-de-privacidad\/\" \/>\n<meta property=\"og:locale\" content=\"es_ES\" \/>\n<meta property=\"og:type\" content=\"article\" \/>\n<meta property=\"og:title\" content=\"Pol\u00edtica de privacidad - Becoming Mom\" \/>\n<meta property=\"og:description\" content=\"[vc_row el_class=\u00bbprivacy-policy-page\u00bb][vc_column][vc_custom_heading text=\u00bbInformaci\u00f3n personal y no personal\u00bb font_container=\u00bbtag:h2|font_size:30px|text_align:left|line_height:1.5&#8243; use_theme_fonts=\u00bbyes\u00bb][vc_column_text] Lorem Ipsum es simplemente un texto ficticio de la industria de la impresi\u00f3n y la composici\u00f3n tipogr\u00e1fica. Lorem Ipsum ha sido el texto ficticio est\u00e1ndar de la industria desde el a\u00f1o 1500, cuando un impresor desconocido tom\u00f3 una galera de tipos y la revolvi\u00f3 para hacer [&hellip;]\" \/>\n<meta property=\"og:url\" content=\"https:\/\/www.becoming-mom.com\/es\/politica-de-privacidad\/\" \/>\n<meta property=\"og:site_name\" content=\"Becoming Mom\" \/>\n<meta property=\"article:modified_time\" content=\"2023-03-14T16:59:26+00:00\" \/>\n<meta name=\"twitter:card\" content=\"summary_large_image\" \/>\n<meta name=\"twitter:label1\" content=\"Tiempo de lectura\" \/>\n\t<meta name=\"twitter:data1\" content=\"5 minutos\" \/>\n<script type=\"application\/ld+json\" class=\"yoast-schema-graph\">{\"@context\":\"https:\/\/schema.org\",\"@graph\":[{\"@type\":\"WebPage\",\"@id\":\"https:\/\/www.becoming-mom.com\/es\/politica-de-privacidad\/\",\"url\":\"https:\/\/www.becoming-mom.com\/es\/politica-de-privacidad\/\",\"name\":\"Pol\u00edtica de privacidad - Becoming Mom\",\"isPartOf\":{\"@id\":\"https:\/\/www.becoming-mom.com\/#website\"},\"datePublished\":\"2023-01-10T14:03:30+00:00\",\"dateModified\":\"2023-03-14T16:59:26+00:00\",\"breadcrumb\":{\"@id\":\"https:\/\/www.becoming-mom.com\/es\/politica-de-privacidad\/#breadcrumb\"},\"inLanguage\":\"es\",\"potentialAction\":[{\"@type\":\"ReadAction\",\"target\":[\"https:\/\/www.becoming-mom.com\/es\/politica-de-privacidad\/\"]}]},{\"@type\":\"BreadcrumbList\",\"@id\":\"https:\/\/www.becoming-mom.com\/es\/politica-de-privacidad\/#breadcrumb\",\"itemListElement\":[{\"@type\":\"ListItem\",\"position\":1,\"name\":\"Home\",\"item\":\"https:\/\/www.becoming-mom.com\/es\/\"},{\"@type\":\"ListItem\",\"position\":2,\"name\":\"Pol\u00edtica de privacidad\"}]},{\"@type\":\"WebSite\",\"@id\":\"https:\/\/www.becoming-mom.com\/#website\",\"url\":\"https:\/\/www.becoming-mom.com\/\",\"name\":\"Becoming Mom\",\"description\":\"\",\"potentialAction\":[{\"@type\":\"SearchAction\",\"target\":{\"@type\":\"EntryPoint\",\"urlTemplate\":\"https:\/\/www.becoming-mom.com\/?s={search_term_string}\"},\"query-input\":{\"@type\":\"PropertyValueSpecification\",\"valueRequired\":true,\"valueName\":\"search_term_string\"}}],\"inLanguage\":\"es\"}]}<\/script>\n<!-- \/ Yoast SEO plugin. -->","yoast_head_json":{"title":"Pol\u00edtica de privacidad - Becoming Mom","robots":{"index":"index","follow":"follow","max-snippet":"max-snippet:-1","max-image-preview":"max-image-preview:large","max-video-preview":"max-video-preview:-1"},"canonical":"https:\/\/www.becoming-mom.com\/es\/politica-de-privacidad\/","og_locale":"es_ES","og_type":"article","og_title":"Pol\u00edtica de privacidad - Becoming Mom","og_description":"[vc_row el_class=\u00bbprivacy-policy-page\u00bb][vc_column][vc_custom_heading text=\u00bbInformaci\u00f3n personal y no personal\u00bb font_container=\u00bbtag:h2|font_size:30px|text_align:left|line_height:1.5&#8243; use_theme_fonts=\u00bbyes\u00bb][vc_column_text] Lorem Ipsum es simplemente un texto ficticio de la industria de la impresi\u00f3n y la composici\u00f3n tipogr\u00e1fica. Lorem Ipsum ha sido el texto ficticio est\u00e1ndar de la industria desde el a\u00f1o 1500, cuando un impresor desconocido tom\u00f3 una galera de tipos y la revolvi\u00f3 para hacer [&hellip;]","og_url":"https:\/\/www.becoming-mom.com\/es\/politica-de-privacidad\/","og_site_name":"Becoming Mom","article_modified_time":"2023-03-14T16:59:26+00:00","twitter_card":"summary_large_image","twitter_misc":{"Tiempo de lectura":"5 minutos"},"schema":{"@context":"https:\/\/schema.org","@graph":[{"@type":"WebPage","@id":"https:\/\/www.becoming-mom.com\/es\/politica-de-privacidad\/","url":"https:\/\/www.becoming-mom.com\/es\/politica-de-privacidad\/","name":"Pol\u00edtica de privacidad - Becoming Mom","isPartOf":{"@id":"https:\/\/www.becoming-mom.com\/#website"},"datePublished":"2023-01-10T14:03:30+00:00","dateModified":"2023-03-14T16:59:26+00:00","breadcrumb":{"@id":"https:\/\/www.becoming-mom.com\/es\/politica-de-privacidad\/#breadcrumb"},"inLanguage":"es","potentialAction":[{"@type":"ReadAction","target":["https:\/\/www.becoming-mom.com\/es\/politica-de-privacidad\/"]}]},{"@type":"BreadcrumbList","@id":"https:\/\/www.becoming-mom.com\/es\/politica-de-privacidad\/#breadcrumb","itemListElement":[{"@type":"ListItem","position":1,"name":"Home","item":"https:\/\/www.becoming-mom.com\/es\/"},{"@type":"ListItem","position":2,"name":"Pol\u00edtica de privacidad"}]},{"@type":"WebSite","@id":"https:\/\/www.becoming-mom.com\/#website","url":"https:\/\/www.becoming-mom.com\/","name":"Becoming Mom","description":"","potentialAction":[{"@type":"SearchAction","target":{"@type":"EntryPoint","urlTemplate":"https:\/\/www.becoming-mom.com\/?s={search_term_string}"},"query-input":{"@type":"PropertyValueSpecification","valueRequired":true,"valueName":"search_term_string"}}],"inLanguage":"es"}]}},"_links":{"self":[{"href":"https:\/\/www.becoming-mom.com\/es\/wp-json\/wp\/v2\/pages\/484","targetHints":{"allow":["GET"]}}],"collection":[{"href":"https:\/\/www.becoming-mom.com\/es\/wp-json\/wp\/v2\/pages"}],"about":[{"href":"https:\/\/www.becoming-mom.com\/es\/wp-json\/wp\/v2\/types\/page"}],"author":[{"embeddable":true,"href":"https:\/\/www.becoming-mom.com\/es\/wp-json\/wp\/v2\/users\/1"}],"replies":[{"embeddable":true,"href":"https:\/\/www.becoming-mom.com\/es\/wp-json\/wp\/v2\/comments?post=484"}],"version-history":[{"count":3,"href":"https:\/\/www.becoming-mom.com\/es\/wp-json\/wp\/v2\/pages\/484\/revisions"}],"predecessor-version":[{"id":563,"href":"https:\/\/www.becoming-mom.com\/es\/wp-json\/wp\/v2\/pages\/484\/revisions\/563"}],"wp:attachment":[{"href":"https:\/\/www.becoming-mom.com\/es\/wp-json\/wp\/v2\/media?parent=484"}],"curies":[{"name":"wp","href":"https:\/\/api.w.org\/{rel}","templated":true}]}}