{"id":481,"date":"2023-01-17T01:18:30","date_gmt":"2023-01-17T01:18:30","guid":{"rendered":"https:\/\/www.becoming-mom.com\/nuestro-personal\/"},"modified":"2023-03-15T20:24:04","modified_gmt":"2023-03-15T20:24:04","slug":"nuestro-personal","status":"publish","type":"page","link":"https:\/\/www.becoming-mom.com\/es\/nuestro-personal\/","title":{"rendered":"Nuestro personal"},"content":{"rendered":"<div class=\"wpb-content-wrapper\"><p>[vc_section el_class=\u00bbStaff-sec\u00bb][vc_row content_placement=\u00bbmiddle\u00bb el_class=\u00bbstaff-row\u00bb css=\u00bb.vc_custom_1673918592113{padding-bottom: 50px !important;}\u00bb][vc_column width=\u00bb3\/12&#8243;][vc_single_image image=\u00bb350&#8243; img_size=\u00bbfull\u00bb][vc_custom_heading text=\u00bbCindy Dur\u00e1n\u00bb font_container=\u00bbtag:h4|font_size:26px|text_align:left|line_height:1.5&#8243; use_theme_fonts=\u00bbyes\u00bb][vc_custom_heading text=\u00bbCoordinador de programas &#8211; Dallas\u00bb font_container=\u00bbtag:h3|font_size:14px|text_align:left|color:%23929095|line_height:1.2&#8243; use_theme_fonts=\u00bbyes\u00bb][\/vc_column][vc_column width=\u00bb7\/12&#8243; css=\u00bb.vc_custom_1673919432681{padding-right: 0px !important;}\u00bb][vc_custom_heading text=\u00bbBio\u00bb font_container=\u00bbtag:h3|font_size:26px|text_align:left|line_height:1.5&#8243; use_theme_fonts=\u00bbyes\u00bb css=\u00bb.vc_custom_1673918627161{margin-top: 0px !important;margin-bottom: 15px !important;padding-bottom: 0px !important;}\u00bb][vc_column_text css=\u00bb.vc_custom_1675801681582{margin-bottom: 0px !important;}\u00bb]Cindy Duran es una trabajadora social cl\u00ednica licenciada y miembro del personal de ChristianWorks for Children desde febrero de 2022. Cindy obtuvo su licenciatura en Trabajo Social en la Texas Women&#8217;s University y su m\u00e1ster en Trabajo Social en la Texas A&amp;M University-Commerce. Cindy es la coordinadora de nuestro programa BecomingMom para la oficina de Dallas. Ha encontrado su pasi\u00f3n en el trabajo y el apoyo a la salud mental de los nuevos padres durante las etapas perinatal y posparto de la paternidad temprana.[\/vc_column_text][\/vc_column][vc_column width=\u00bb2\/12&#8243;][\/vc_column][\/vc_row][vc_row content_placement=\u00bbmiddle\u00bb el_class=\u00bbstaff-row pink-row\u00bb css=\u00bb.vc_custom_1673919285599{border-top-width: 1px !important;padding-top: 44px !important;border-top-color: #dcdcdc !important;border-top-style: solid !important;}\u00bb][vc_column width=\u00bb3\/12&#8243;][vc_single_image image=\u00bb350&#8243; img_size=\u00bbfull\u00bb][vc_custom_heading text=\u00bbAngelica Burgess\u00bb font_container=\u00bbtag:h4|font_size:26px|text_align:left|line_height:1.5&#8243; use_theme_fonts=\u00bbyes\u00bb][vc_custom_heading text=\u00bbCoordinador de programas &#8211; FW\u00bb font_container=\u00bbtag:h3|font_size:14px|text_align:left|color:%23929095|line_height:1.2&#8243; use_theme_fonts=\u00bbyes\u00bb][\/vc_column][vc_column width=\u00bb7\/12&#8243; css=\u00bb.vc_custom_1673919436679{padding-right: 0px !important;}\u00bb][vc_custom_heading text=\u00bbBio\u00bb font_container=\u00bbtag:h3|font_size:26px|text_align:left|line_height:1.5&#8243; use_theme_fonts=\u00bbyes\u00bb css=\u00bb.vc_custom_1673918642574{margin-top: 0px !important;margin-bottom: 15px !important;padding-bottom: 0px !important;}\u00bb][vc_column_text css=\u00bb.vc_custom_1675801725191{margin-bottom: 0px !important;}\u00bb]Ang\u00e9lica Burgess es una Consejera Profesional Licenciada Asociada y ha estado en el personal de CW como nuestra Coordinadora del Programa BecomingMom en Fort Worth desde noviembre de 2021. Ang\u00e9lica complet\u00f3 su licenciatura en Ciencias Cognitivas y Psicolog\u00eda en la Universidad Northwestern, y obtuvo su maestr\u00eda en Consejer\u00eda de la Universidad del Norte de Texas en Denton. A Ang\u00e9lica le gusta asesorar a personas de diversos \u00e1mbitos de la vida y capacitarlas en sus viajes por la vida, incluidos sus viajes como padres. Ang\u00e9lica trabaja para mostrar comprensi\u00f3n y compasi\u00f3n con sus clientes, y ha encontrado satisfacci\u00f3n en el apoyo a la salud mental de los padres para ayudar a construir familias resistentes.[\/vc_column_text][\/vc_column][vc_column width=\u00bb2\/12&#8243;][\/vc_column][\/vc_row][\/vc_section][vc_section css=\u00bb.vc_custom_1673616302517{margin-top: 120px !important;margin-bottom: 120px !important;}\u00bb el_class=\u00bbsupport-section\u00bb][vc_row el_class=\u00bbsecHealthy\u00bb][vc_column][vc_row_inner content_placement=\u00bbmiddle\u00bb css=\u00bb.vc_custom_1673621121031{background-color: #56a7c5 !important;border-radius: 30px !important;}\u00bb][vc_column_inner width=\u00bb1\/2&#8243; css=\u00bb.vc_custom_1668661720028{padding-left: 80px !important;}\u00bb][vc_custom_heading text=\u00bb\u00bfC\u00f3mo puedes apoyar a BecomingMom?\u00bb font_container=\u00bbtag:h2|text_align:left|color:%23ffffff\u00bb use_theme_fonts=\u00bbyes\u00bb css=\u00bb.vc_custom_1673616221997{margin-bottom: 15px !important;}\u00bb][vc_custom_heading text=\u00bbBecomingMom es un ministerio de ChristianWorks for Children. Que es una organizaci\u00f3n sin \u00e1nimo de lucro 501(c)(3) &#8211; EIN: 75-1246028. Usted puede apoyar nuestro ministerio BecomingMom haciendo una contribuci\u00f3n financiera o haciendo un regalo en especie de pa\u00f1ales y \/ u otros art\u00edculos para beb\u00e9s. Con tu apoyo, podemos continuar el ejemplo de servicio de Jesucristo. As\u00f3ciese con nosotros hoy mismo\u00bb font_container=\u00bbtag:p|text_align:left|color:%23ffffff\u00bb use_theme_fonts=\u00bbyes\u00bb css=\u00bb.vc_custom_1673616229063{margin-bottom: 30px !important;}\u00bb][vc_btn title=\u00bbDonar\u00bb style=\u00bbclassic\u00bb i_icon_fontawesome=\u00bbfas fa-heart\u00bb add_icon=\u00bbtrue\u00bb el_class=\u00bbprimary-btn wht\u00bb link=\u00bburl:https%3A%2F%2Fwww.becoming-mom.com%2Fes%2Fdonar%2F|title:Donar\u00bb][\/vc_column_inner][vc_column_inner width=\u00bb1\/2&#8243; css=\u00bb.vc_custom_1668661946257{padding-top: 0px !important;padding-right: 0px !important;}\u00bb][vc_single_image image=\u00bb67&#8243; img_size=\u00bbfull\u00bb alignment=\u00bbright\u00bb css=\u00bb.vc_custom_1673616277710{margin-bottom: 0px !important;}\u00bb][\/vc_column_inner][\/vc_row_inner][\/vc_column][\/vc_row][\/vc_section][vc_section full_width=\u00bbstretch_row\u00bb css=\u00bb.vc_custom_1673631515535{padding-top: 20px !important;padding-bottom: 30px !important;background-image: url(http:\/\/adoptionworks.agencypartner.com\/wp-content\/uploads\/2022\/11\/news-bg.jpg?id=82) !important;background-position: center !important;background-repeat: no-repeat !important;background-size: cover !important;}\u00bb el_class=\u00bbcontact-section\u00bb][vc_row content_placement=\u00bbmiddle\u00bb][vc_column width=\u00bb1\/3&#8243;][vc_custom_heading text=\u00bbSuscribirse a<br \/>\nNuestro bolet\u00edn\u00bb font_container=\u00bbtag:h3|font_size:44px|text_align:left|color:%23ffffff|line_height:52px\u00bb use_theme_fonts=\u00bbyes\u00bb css=\u00bb.vc_custom_1673631453925{margin-bottom: 0px !important;}\u00bb][\/vc_column][vc_column width=\u00bb2\/3&#8243;]\n<div class=\"wpcf7 no-js\" id=\"wpcf7-f9-o1\" lang=\"en-US\" dir=\"ltr\" data-wpcf7-id=\"9\">\n<div class=\"screen-reader-response\"><p role=\"status\" aria-live=\"polite\" aria-atomic=\"true\"><\/p> <ul><\/ul><\/div>\n<form action=\"\/es\/wp-json\/wp\/v2\/pages\/481#wpcf7-f9-o1\" method=\"post\" class=\"wpcf7-form init\" aria-label=\"Contact form\" novalidate=\"novalidate\" data-status=\"init\">\n<fieldset class=\"hidden-fields-container\"><input type=\"hidden\" name=\"_wpcf7\" value=\"9\" \/><input type=\"hidden\" name=\"_wpcf7_version\" value=\"6.1.5\" \/><input type=\"hidden\" name=\"_wpcf7_locale\" value=\"en_US\" \/><input type=\"hidden\" name=\"_wpcf7_unit_tag\" value=\"wpcf7-f9-o1\" \/><input type=\"hidden\" name=\"_wpcf7_container_post\" value=\"0\" \/><input type=\"hidden\" name=\"_wpcf7_posted_data_hash\" value=\"\" \/><input type=\"hidden\" name=\"_wpcf7_recaptcha_response\" value=\"\" \/>\n<\/fieldset>\n<div class=\"row news-form\">\n\t<div class=\"col-sm-5\">\n\t\t<p><span class=\"wpcf7-form-control-wrap\" data-name=\"YourName\"><input size=\"40\" maxlength=\"400\" class=\"wpcf7-form-control wpcf7-text wpcf7-validates-as-required\" aria-required=\"true\" aria-invalid=\"false\" placeholder=\"Your Name*\" value=\"\" type=\"text\" name=\"YourName\" \/><\/span>\n\t\t<\/p>\n\t<\/div>\n\t<div class=\"col-sm-5\">\n\t\t<p><span class=\"wpcf7-form-control-wrap\" data-name=\"EmailAddress\"><input size=\"40\" maxlength=\"400\" class=\"wpcf7-form-control wpcf7-email wpcf7-validates-as-required wpcf7-text wpcf7-validates-as-email\" aria-required=\"true\" aria-invalid=\"false\" placeholder=\"Email Address*\" value=\"\" type=\"email\" name=\"EmailAddress\" \/><\/span>\n\t\t<\/p>\n\t<\/div>\n\t<div class=\"col-sm-2 pr-0\">\n\t\t<p><input class=\"wpcf7-form-control wpcf7-submit has-spinner\" type=\"submit\" value=\"Subscribe\" \/>\n\t\t<\/p>\n\t<\/div>\n<\/div><div class=\"wpcf7-response-output\" aria-hidden=\"true\"><\/div>\n<\/form>\n<\/div>\n[\/vc_column][\/vc_row][\/vc_section]<\/p>\n<\/div><!-- AddThis Advanced Settings generic via filter on the_content --><!-- AddThis Share Buttons generic via filter on the_content -->","protected":false},"excerpt":{"rendered":"<p>[vc_section el_class=\u00bbStaff-sec\u00bb][vc_row content_placement=\u00bbmiddle\u00bb el_class=\u00bbstaff-row\u00bb css=\u00bb.vc_custom_1673918592113{padding-bottom: 50px !important;}\u00bb][vc_column width=\u00bb3\/12&#8243;][vc_single_image image=\u00bb350&#8243; img_size=\u00bbfull\u00bb][vc_custom_heading text=\u00bbCindy Dur\u00e1n\u00bb font_container=\u00bbtag:h4|font_size:26px|text_align:left|line_height:1.5&#8243; use_theme_fonts=\u00bbyes\u00bb][vc_custom_heading text=\u00bbCoordinador de programas &#8211; Dallas\u00bb font_container=\u00bbtag:h3|font_size:14px|text_align:left|color:%23929095|line_height:1.2&#8243; use_theme_fonts=\u00bbyes\u00bb][\/vc_column][vc_column width=\u00bb7\/12&#8243; css=\u00bb.vc_custom_1673919432681{padding-right: 0px !important;}\u00bb][vc_custom_heading text=\u00bbBio\u00bb font_container=\u00bbtag:h3|font_size:26px|text_align:left|line_height:1.5&#8243; use_theme_fonts=\u00bbyes\u00bb css=\u00bb.vc_custom_1673918627161{margin-top: 0px !important;margin-bottom: 15px !important;padding-bottom: 0px !important;}\u00bb][vc_column_text css=\u00bb.vc_custom_1675801681582{margin-bottom: 0px !important;}\u00bb]Cindy Duran es una trabajadora social cl\u00ednica licenciada y miembro del personal de ChristianWorks for Children desde febrero [&hellip;]<\/p>\n<!-- AddThis Advanced Settings generic via filter on the_excerpt --><!-- AddThis Share Buttons generic via filter on the_excerpt -->","protected":false},"author":1,"featured_media":0,"parent":0,"menu_order":0,"comment_status":"closed","ping_status":"closed","template":"fullwidth.php","meta":{"_acf_changed":false,"inline_featured_image":false,"footnotes":""},"class_list":["post-481","page","type-page","status-publish","hentry"],"acf":[],"yoast_head":"<!-- This site is optimized with the Yoast SEO plugin v27.1.1 - https:\/\/yoast.com\/product\/yoast-seo-wordpress\/ -->\n<title>Nuestro personal - Becoming Mom<\/title>\n<meta name=\"robots\" content=\"index, follow, max-snippet:-1, max-image-preview:large, max-video-preview:-1\" \/>\n<link rel=\"canonical\" href=\"https:\/\/www.becoming-mom.com\/es\/nuestro-personal\/\" \/>\n<meta property=\"og:locale\" content=\"es_ES\" \/>\n<meta property=\"og:type\" content=\"article\" \/>\n<meta property=\"og:title\" content=\"Nuestro personal - Becoming Mom\" \/>\n<meta property=\"og:description\" content=\"[vc_section el_class=\u00bbStaff-sec\u00bb][vc_row content_placement=\u00bbmiddle\u00bb el_class=\u00bbstaff-row\u00bb css=\u00bb.vc_custom_1673918592113{padding-bottom: 50px !important;}\u00bb][vc_column width=\u00bb3\/12&#8243;][vc_single_image image=\u00bb350&#8243; img_size=\u00bbfull\u00bb][vc_custom_heading text=\u00bbCindy Dur\u00e1n\u00bb font_container=\u00bbtag:h4|font_size:26px|text_align:left|line_height:1.5&#8243; use_theme_fonts=\u00bbyes\u00bb][vc_custom_heading text=\u00bbCoordinador de programas &#8211; Dallas\u00bb font_container=\u00bbtag:h3|font_size:14px|text_align:left|color:%23929095|line_height:1.2&#8243; use_theme_fonts=\u00bbyes\u00bb][\/vc_column][vc_column width=\u00bb7\/12&#8243; css=\u00bb.vc_custom_1673919432681{padding-right: 0px !important;}\u00bb][vc_custom_heading text=\u00bbBio\u00bb font_container=\u00bbtag:h3|font_size:26px|text_align:left|line_height:1.5&#8243; use_theme_fonts=\u00bbyes\u00bb css=\u00bb.vc_custom_1673918627161{margin-top: 0px !important;margin-bottom: 15px !important;padding-bottom: 0px !important;}\u00bb][vc_column_text css=\u00bb.vc_custom_1675801681582{margin-bottom: 0px !important;}\u00bb]Cindy Duran es una trabajadora social cl\u00ednica licenciada y miembro del personal de ChristianWorks for Children desde febrero [&hellip;]\" \/>\n<meta property=\"og:url\" content=\"https:\/\/www.becoming-mom.com\/es\/nuestro-personal\/\" \/>\n<meta property=\"og:site_name\" content=\"Becoming Mom\" \/>\n<meta property=\"article:modified_time\" content=\"2023-03-15T20:24:04+00:00\" \/>\n<meta name=\"twitter:card\" content=\"summary_large_image\" \/>\n<meta name=\"twitter:label1\" content=\"Tiempo de lectura\" \/>\n\t<meta name=\"twitter:data1\" content=\"4 minutos\" \/>\n<script type=\"application\/ld+json\" class=\"yoast-schema-graph\">{\"@context\":\"https:\/\/schema.org\",\"@graph\":[{\"@type\":\"WebPage\",\"@id\":\"https:\/\/www.becoming-mom.com\/es\/nuestro-personal\/\",\"url\":\"https:\/\/www.becoming-mom.com\/es\/nuestro-personal\/\",\"name\":\"Nuestro personal - Becoming Mom\",\"isPartOf\":{\"@id\":\"https:\/\/www.becoming-mom.com\/#website\"},\"datePublished\":\"2023-01-17T01:18:30+00:00\",\"dateModified\":\"2023-03-15T20:24:04+00:00\",\"breadcrumb\":{\"@id\":\"https:\/\/www.becoming-mom.com\/es\/nuestro-personal\/#breadcrumb\"},\"inLanguage\":\"es\",\"potentialAction\":[{\"@type\":\"ReadAction\",\"target\":[\"https:\/\/www.becoming-mom.com\/es\/nuestro-personal\/\"]}]},{\"@type\":\"BreadcrumbList\",\"@id\":\"https:\/\/www.becoming-mom.com\/es\/nuestro-personal\/#breadcrumb\",\"itemListElement\":[{\"@type\":\"ListItem\",\"position\":1,\"name\":\"Home\",\"item\":\"https:\/\/www.becoming-mom.com\/es\/\"},{\"@type\":\"ListItem\",\"position\":2,\"name\":\"Nuestro personal\"}]},{\"@type\":\"WebSite\",\"@id\":\"https:\/\/www.becoming-mom.com\/#website\",\"url\":\"https:\/\/www.becoming-mom.com\/\",\"name\":\"Becoming Mom\",\"description\":\"\",\"potentialAction\":[{\"@type\":\"SearchAction\",\"target\":{\"@type\":\"EntryPoint\",\"urlTemplate\":\"https:\/\/www.becoming-mom.com\/?s={search_term_string}\"},\"query-input\":{\"@type\":\"PropertyValueSpecification\",\"valueRequired\":true,\"valueName\":\"search_term_string\"}}],\"inLanguage\":\"es\"}]}<\/script>\n<!-- \/ Yoast SEO plugin. -->","yoast_head_json":{"title":"Nuestro personal - Becoming Mom","robots":{"index":"index","follow":"follow","max-snippet":"max-snippet:-1","max-image-preview":"max-image-preview:large","max-video-preview":"max-video-preview:-1"},"canonical":"https:\/\/www.becoming-mom.com\/es\/nuestro-personal\/","og_locale":"es_ES","og_type":"article","og_title":"Nuestro personal - Becoming Mom","og_description":"[vc_section el_class=\u00bbStaff-sec\u00bb][vc_row content_placement=\u00bbmiddle\u00bb el_class=\u00bbstaff-row\u00bb css=\u00bb.vc_custom_1673918592113{padding-bottom: 50px !important;}\u00bb][vc_column width=\u00bb3\/12&#8243;][vc_single_image image=\u00bb350&#8243; img_size=\u00bbfull\u00bb][vc_custom_heading text=\u00bbCindy Dur\u00e1n\u00bb font_container=\u00bbtag:h4|font_size:26px|text_align:left|line_height:1.5&#8243; use_theme_fonts=\u00bbyes\u00bb][vc_custom_heading text=\u00bbCoordinador de programas &#8211; Dallas\u00bb font_container=\u00bbtag:h3|font_size:14px|text_align:left|color:%23929095|line_height:1.2&#8243; use_theme_fonts=\u00bbyes\u00bb][\/vc_column][vc_column width=\u00bb7\/12&#8243; css=\u00bb.vc_custom_1673919432681{padding-right: 0px !important;}\u00bb][vc_custom_heading text=\u00bbBio\u00bb font_container=\u00bbtag:h3|font_size:26px|text_align:left|line_height:1.5&#8243; use_theme_fonts=\u00bbyes\u00bb css=\u00bb.vc_custom_1673918627161{margin-top: 0px !important;margin-bottom: 15px !important;padding-bottom: 0px !important;}\u00bb][vc_column_text css=\u00bb.vc_custom_1675801681582{margin-bottom: 0px !important;}\u00bb]Cindy Duran es una trabajadora social cl\u00ednica licenciada y miembro del personal de ChristianWorks for Children desde febrero [&hellip;]","og_url":"https:\/\/www.becoming-mom.com\/es\/nuestro-personal\/","og_site_name":"Becoming Mom","article_modified_time":"2023-03-15T20:24:04+00:00","twitter_card":"summary_large_image","twitter_misc":{"Tiempo de lectura":"4 minutos"},"schema":{"@context":"https:\/\/schema.org","@graph":[{"@type":"WebPage","@id":"https:\/\/www.becoming-mom.com\/es\/nuestro-personal\/","url":"https:\/\/www.becoming-mom.com\/es\/nuestro-personal\/","name":"Nuestro personal - Becoming Mom","isPartOf":{"@id":"https:\/\/www.becoming-mom.com\/#website"},"datePublished":"2023-01-17T01:18:30+00:00","dateModified":"2023-03-15T20:24:04+00:00","breadcrumb":{"@id":"https:\/\/www.becoming-mom.com\/es\/nuestro-personal\/#breadcrumb"},"inLanguage":"es","potentialAction":[{"@type":"ReadAction","target":["https:\/\/www.becoming-mom.com\/es\/nuestro-personal\/"]}]},{"@type":"BreadcrumbList","@id":"https:\/\/www.becoming-mom.com\/es\/nuestro-personal\/#breadcrumb","itemListElement":[{"@type":"ListItem","position":1,"name":"Home","item":"https:\/\/www.becoming-mom.com\/es\/"},{"@type":"ListItem","position":2,"name":"Nuestro personal"}]},{"@type":"WebSite","@id":"https:\/\/www.becoming-mom.com\/#website","url":"https:\/\/www.becoming-mom.com\/","name":"Becoming Mom","description":"","potentialAction":[{"@type":"SearchAction","target":{"@type":"EntryPoint","urlTemplate":"https:\/\/www.becoming-mom.com\/?s={search_term_string}"},"query-input":{"@type":"PropertyValueSpecification","valueRequired":true,"valueName":"search_term_string"}}],"inLanguage":"es"}]}},"_links":{"self":[{"href":"https:\/\/www.becoming-mom.com\/es\/wp-json\/wp\/v2\/pages\/481","targetHints":{"allow":["GET"]}}],"collection":[{"href":"https:\/\/www.becoming-mom.com\/es\/wp-json\/wp\/v2\/pages"}],"about":[{"href":"https:\/\/www.becoming-mom.com\/es\/wp-json\/wp\/v2\/types\/page"}],"author":[{"embeddable":true,"href":"https:\/\/www.becoming-mom.com\/es\/wp-json\/wp\/v2\/users\/1"}],"replies":[{"embeddable":true,"href":"https:\/\/www.becoming-mom.com\/es\/wp-json\/wp\/v2\/comments?post=481"}],"version-history":[{"count":4,"href":"https:\/\/www.becoming-mom.com\/es\/wp-json\/wp\/v2\/pages\/481\/revisions"}],"predecessor-version":[{"id":580,"href":"https:\/\/www.becoming-mom.com\/es\/wp-json\/wp\/v2\/pages\/481\/revisions\/580"}],"wp:attachment":[{"href":"https:\/\/www.becoming-mom.com\/es\/wp-json\/wp\/v2\/media?parent=481"}],"curies":[{"name":"wp","href":"https:\/\/api.w.org\/{rel}","templated":true}]}}